{"id":143,"date":"2024-03-06T17:28:58","date_gmt":"2024-03-06T17:28:58","guid":{"rendered":"https:\/\/obistro.pt\/politica-de-privacidade\/"},"modified":"2024-09-23T06:58:59","modified_gmt":"2024-09-23T06:58:59","slug":"politica-de-privacidade","status":"publish","type":"page","link":"https:\/\/obistro.pt\/pt-pt\/politica-de-privacidade\/","title":{"rendered":"Pol\u00edtica de privacidade"},"content":{"rendered":"\n<h2 class=\"wp-block-heading\" id=\"h-who-we-are\">Quem somos<\/h2>\n\n<p>O endere\u00e7o do nosso site \u00e9: https:\/\/obistro.pt.<\/p>\n\n<h2 class=\"wp-block-heading\" id=\"h-comments\">Coment\u00e1rios<\/h2>\n\n<p>Quando os visitantes deixam coment\u00e1rios no site, recolhemos os dados mostrados no formul\u00e1rio de coment\u00e1rios, e tamb\u00e9m o endere\u00e7o IP do visitante e a string do agente do utilizador do navegador para ajudar na dete\u00e7\u00e3o de spam.<\/p>\n\n<p>Uma string an\u00f3nima criada a partir do seu endere\u00e7o de e-mail (tamb\u00e9m chamada de hash) pode ser fornecida ao servi\u00e7o Gravatar para verificar se a est\u00e1 a utilizar. A pol\u00edtica de privacidade do servi\u00e7o Gravatar est\u00e1 dispon\u00edvel aqui: https:\/\/automattic.com\/privacy\/. Ap\u00f3s a aprova\u00e7\u00e3o do seu coment\u00e1rio, a fotografia do seu perfil fica vis\u00edvel para o p\u00fablico no contexto do seu coment\u00e1rio. <\/p>\n\n<h2 class=\"wp-block-heading\" id=\"h-media\">M\u00eddia<\/h2>\n\n<p>Se enviar imagens para o site, evite enviar imagens com dados de localiza\u00e7\u00e3o incorporados (EXIF GPS) inclu\u00eddos. Os visitantes do website podem descarregar e extrair quaisquer dados de localiza\u00e7\u00e3o das imagens do website. <\/p>\n\n<h2 class=\"wp-block-heading\" id=\"h-cookies\">Cookies<\/h2>\n\n<p>Se deixar um coment\u00e1rio no nosso website, pode optar por guardar o seu nome, endere\u00e7o de e-mail e website em cookies. S\u00e3o para sua comodidade, para que n\u00e3o tenha de preencher novamente os seus dados ao deixar outro coment\u00e1rio. Estes biscoitos duram um ano.  <\/p>\n\n<p>Se visitar a nossa p\u00e1gina de login, definiremos um cookie tempor\u00e1rio para determinar se o seu navegador aceita cookies. Este cookie n\u00e3o cont\u00e9m dados pessoais e \u00e9 descartado quando fecha o navegador. <\/p>\n\n<p>Quando inicias sess\u00e3o, tamb\u00e9m configuramos v\u00e1rios cookies para guardar as tuas informa\u00e7\u00f5es de in\u00edcio de sess\u00e3o e as tuas op\u00e7\u00f5es de visualiza\u00e7\u00e3o do ecr\u00e3. Os cookies de in\u00edcio de sess\u00e3o duram dois dias e os cookies de op\u00e7\u00f5es de ecr\u00e3 duram um ano. Se seleccionares &#8220;Lembrar-me&#8221;, o teu in\u00edcio de sess\u00e3o persistir\u00e1 durante duas semanas. Se terminares a sess\u00e3o na tua conta, os cookies de in\u00edcio de sess\u00e3o ser\u00e3o removidos.   <\/p>\n\n<p>Se editar ou publicar um artigo, um cookie adicional ser\u00e1 guardado no seu navegador. Este cookie n\u00e3o inclui dados pessoais e indica simplesmente o ID da publica\u00e7\u00e3o do artigo que acabou de editar. Expira ap\u00f3s 1 dia.  <\/p>\n\n<h2 class=\"wp-block-heading\" id=\"h-embedded-content-from-other-websites\">Conte\u00fado incorporado de outros sites<\/h2>\n\n<p>Os artigos neste site podem incluir conte\u00fado incorporado (por exemplo, v\u00eddeos, imagens, artigos, etc.). O conte\u00fado incorporado de outros sites comporta-se exatamente da mesma forma como se o visitante tivesse visitado o outro site. <\/p>\n\n<p>Estes sites podem recolher dados sobre si, utilizar cookies, incorporar um rastreio adicional de terceiros e monitorizar a sua intera\u00e7\u00e3o com esse conte\u00fado incorporado, incluindo rastrear a sua intera\u00e7\u00e3o com o conte\u00fado incorporado se tiver uma conta e estiver ligado a esse site.<\/p>\n\n<h2 class=\"wp-block-heading\" id=\"h-who-we-share-your-data-with\">Com quem partilhamos os seus dados<\/h2>\n\n<p>Se solicitar uma redefini\u00e7\u00e3o da palavra-passe, o seu endere\u00e7o IP ser\u00e1 inclu\u00eddo no e-mail de redefini\u00e7\u00e3o.<\/p>\n\n<h2 class=\"wp-block-heading\" id=\"h-how-long-we-retain-your-data\">Durante quanto tempo retemos os seus dados<\/h2>\n\n<p>Se deixar um coment\u00e1rio, o coment\u00e1rio e os seus metadados ser\u00e3o retidos indefinidamente. Isto acontece para que possamos reconhecer e aprovar quaisquer coment\u00e1rios de acompanhamento automaticamente, em vez de os manter numa fila de modera\u00e7\u00e3o. <\/p>\n\n<p>Para os utilizadores que se registem no nosso site (se existirem), tamb\u00e9m armazenamos as informa\u00e7\u00f5es pessoais que fornecem no seu perfil de utilizador. Todos os utilizadores podem ver, editar ou eliminar as suas informa\u00e7\u00f5es pessoais a qualquer momento (exceto que n\u00e3o podem alterar o seu nome de utilizador). Os administradores do site tamb\u00e9m podem ver e editar estas informa\u00e7\u00f5es.  <\/p>\n\n<h2 class=\"wp-block-heading\" id=\"h-what-rights-you-have-over-your-data\">Que direitos tem sobre os seus dados<\/h2>\n\n<p>Se possui uma conta neste site ou deixou coment\u00e1rios, pode solicitar a rece\u00e7\u00e3o de um ficheiro exportado dos dados pessoais que mantemos sobre si, incluindo quaisquer dados que nos tenha fornecido. Pode tamb\u00e9m solicitar que apaguemos quaisquer dados pessoais que tenhamos sobre si. Isto n\u00e3o inclui quaisquer dados que sejamos obrigados a manter para fins administrativos, legais ou de seguran\u00e7a.  <\/p>\n\n<h2 class=\"wp-block-heading\" id=\"h-where-your-data-is-sent\">Para onde s\u00e3o enviados os seus dados<\/h2>\n\n<p>Os coment\u00e1rios dos visitantes podem ser verificados atrav\u00e9s de um servi\u00e7o automatizado de dete\u00e7\u00e3o de spam.<\/p>\n","protected":false},"excerpt":{"rendered":"<p>Quem somos O endere\u00e7o do nosso site \u00e9: https:\/\/obistro.pt. Coment\u00e1rios Quando os visitantes deixam coment\u00e1rios no site, recolhemos os dados mostrados no formul\u00e1rio de coment\u00e1rios, e tamb\u00e9m o endere\u00e7o IP do visitante e a string do agente do utilizador do navegador para ajudar na dete\u00e7\u00e3o de spam. Uma string an\u00f3nima criada a partir do seu &hellip; <a href=\"https:\/\/obistro.pt\/pt-pt\/politica-de-privacidade\/\">Cont\u00ednuar<\/a><\/p>\n","protected":false},"author":1,"featured_media":0,"parent":0,"menu_order":0,"comment_status":"closed","ping_status":"open","template":"","meta":{"_acf_changed":false,"inline_featured_image":false,"footnotes":""},"class_list":["post-143","page","type-page","status-publish","hentry"],"acf":[],"yoast_head":"<!-- This site is optimized with the Yoast SEO Premium plugin v27.2 (Yoast SEO v27.2) - https:\/\/yoast.com\/product\/yoast-seo-premium-wordpress\/ -->\n<title>Pol\u00edtica de privacidade - O Bistro<\/title>\n<meta name=\"robots\" content=\"index, follow, max-snippet:-1, max-image-preview:large, max-video-preview:-1\" \/>\n<link rel=\"canonical\" href=\"https:\/\/obistro.pt\/pt-pt\/politica-de-privacidade\/\" \/>\n<meta property=\"og:locale\" content=\"pt_PT\" \/>\n<meta property=\"og:type\" content=\"article\" \/>\n<meta property=\"og:title\" content=\"Pol\u00edtica de privacidade\" \/>\n<meta property=\"og:description\" content=\"Quem somos O endere\u00e7o do nosso site \u00e9: https:\/\/obistro.pt. Coment\u00e1rios Quando os visitantes deixam coment\u00e1rios no site, recolhemos os dados mostrados no formul\u00e1rio de coment\u00e1rios, e tamb\u00e9m o endere\u00e7o IP do visitante e a string do agente do utilizador do navegador para ajudar na dete\u00e7\u00e3o de spam. Uma string an\u00f3nima criada a partir do seu &hellip; Cont\u00ednuar\" \/>\n<meta property=\"og:url\" content=\"https:\/\/obistro.pt\/pt-pt\/politica-de-privacidade\/\" \/>\n<meta property=\"og:site_name\" content=\"O Bistro\" \/>\n<meta property=\"article:modified_time\" content=\"2024-09-23T06:58:59+00:00\" \/>\n<meta name=\"twitter:card\" content=\"summary_large_image\" \/>\n<meta name=\"twitter:label1\" content=\"Est. reading time\" \/>\n\t<meta name=\"twitter:data1\" content=\"4 minutes\" \/>\n<script type=\"application\/ld+json\" class=\"yoast-schema-graph\">{\"@context\":\"https:\/\/schema.org\",\"@graph\":[{\"@type\":\"WebPage\",\"@id\":\"https:\/\/obistro.pt\/pt-pt\/politica-de-privacidade\/\",\"url\":\"https:\/\/obistro.pt\/pt-pt\/politica-de-privacidade\/\",\"name\":\"Pol\u00edtica de privacidade - O Bistro\",\"isPartOf\":{\"@id\":\"https:\/\/obistro.pt\/pt-pt\/#website\"},\"datePublished\":\"2024-03-06T17:28:58+00:00\",\"dateModified\":\"2024-09-23T06:58:59+00:00\",\"breadcrumb\":{\"@id\":\"https:\/\/obistro.pt\/pt-pt\/politica-de-privacidade\/#breadcrumb\"},\"inLanguage\":\"pt-PT\",\"potentialAction\":[{\"@type\":\"ReadAction\",\"target\":[\"https:\/\/obistro.pt\/pt-pt\/politica-de-privacidade\/\"]}]},{\"@type\":\"BreadcrumbList\",\"@id\":\"https:\/\/obistro.pt\/pt-pt\/politica-de-privacidade\/#breadcrumb\",\"itemListElement\":[{\"@type\":\"ListItem\",\"position\":1,\"name\":\"Home\",\"item\":\"https:\/\/obistro.pt\/pt-pt\/\"},{\"@type\":\"ListItem\",\"position\":2,\"name\":\"Pol\u00edtica de privacidade\"}]},{\"@type\":\"WebSite\",\"@id\":\"https:\/\/obistro.pt\/pt-pt\/#website\",\"url\":\"https:\/\/obistro.pt\/pt-pt\/\",\"name\":\"O Bistro\",\"description\":\"\",\"publisher\":{\"@id\":\"https:\/\/obistro.pt\/pt-pt\/#organization\"},\"potentialAction\":[{\"@type\":\"SearchAction\",\"target\":{\"@type\":\"EntryPoint\",\"urlTemplate\":\"https:\/\/obistro.pt\/pt-pt\/?s={search_term_string}\"},\"query-input\":{\"@type\":\"PropertyValueSpecification\",\"valueRequired\":true,\"valueName\":\"search_term_string\"}}],\"inLanguage\":\"pt-PT\"},{\"@type\":\"Organization\",\"@id\":\"https:\/\/obistro.pt\/pt-pt\/#organization\",\"name\":\"O Bistro\",\"url\":\"https:\/\/obistro.pt\/pt-pt\/\",\"logo\":{\"@type\":\"ImageObject\",\"inLanguage\":\"pt-PT\",\"@id\":\"https:\/\/obistro.pt\/pt-pt\/#\/schema\/logo\/image\/\",\"url\":\"https:\/\/obistro.pt\/app\/uploads\/2024\/09\/logo-O-Bistro.svg\",\"contentUrl\":\"https:\/\/obistro.pt\/app\/uploads\/2024\/09\/logo-O-Bistro.svg\",\"width\":\"1024\",\"height\":\"1024\",\"caption\":\"O Bistro\"},\"image\":{\"@id\":\"https:\/\/obistro.pt\/pt-pt\/#\/schema\/logo\/image\/\"},\"sameAs\":[\"https:\/\/www.instagram.com\/obistro_lisboa\/\"]}]}<\/script>\n<!-- \/ Yoast SEO Premium plugin. -->","yoast_head_json":{"title":"Pol\u00edtica de privacidade - O Bistro","robots":{"index":"index","follow":"follow","max-snippet":"max-snippet:-1","max-image-preview":"max-image-preview:large","max-video-preview":"max-video-preview:-1"},"canonical":"https:\/\/obistro.pt\/pt-pt\/politica-de-privacidade\/","og_locale":"pt_PT","og_type":"article","og_title":"Pol\u00edtica de privacidade","og_description":"Quem somos O endere\u00e7o do nosso site \u00e9: https:\/\/obistro.pt. Coment\u00e1rios Quando os visitantes deixam coment\u00e1rios no site, recolhemos os dados mostrados no formul\u00e1rio de coment\u00e1rios, e tamb\u00e9m o endere\u00e7o IP do visitante e a string do agente do utilizador do navegador para ajudar na dete\u00e7\u00e3o de spam. Uma string an\u00f3nima criada a partir do seu &hellip; Cont\u00ednuar","og_url":"https:\/\/obistro.pt\/pt-pt\/politica-de-privacidade\/","og_site_name":"O Bistro","article_modified_time":"2024-09-23T06:58:59+00:00","twitter_card":"summary_large_image","twitter_misc":{"Est. reading time":"4 minutes"},"schema":{"@context":"https:\/\/schema.org","@graph":[{"@type":"WebPage","@id":"https:\/\/obistro.pt\/pt-pt\/politica-de-privacidade\/","url":"https:\/\/obistro.pt\/pt-pt\/politica-de-privacidade\/","name":"Pol\u00edtica de privacidade - O Bistro","isPartOf":{"@id":"https:\/\/obistro.pt\/pt-pt\/#website"},"datePublished":"2024-03-06T17:28:58+00:00","dateModified":"2024-09-23T06:58:59+00:00","breadcrumb":{"@id":"https:\/\/obistro.pt\/pt-pt\/politica-de-privacidade\/#breadcrumb"},"inLanguage":"pt-PT","potentialAction":[{"@type":"ReadAction","target":["https:\/\/obistro.pt\/pt-pt\/politica-de-privacidade\/"]}]},{"@type":"BreadcrumbList","@id":"https:\/\/obistro.pt\/pt-pt\/politica-de-privacidade\/#breadcrumb","itemListElement":[{"@type":"ListItem","position":1,"name":"Home","item":"https:\/\/obistro.pt\/pt-pt\/"},{"@type":"ListItem","position":2,"name":"Pol\u00edtica de privacidade"}]},{"@type":"WebSite","@id":"https:\/\/obistro.pt\/pt-pt\/#website","url":"https:\/\/obistro.pt\/pt-pt\/","name":"O Bistro","description":"","publisher":{"@id":"https:\/\/obistro.pt\/pt-pt\/#organization"},"potentialAction":[{"@type":"SearchAction","target":{"@type":"EntryPoint","urlTemplate":"https:\/\/obistro.pt\/pt-pt\/?s={search_term_string}"},"query-input":{"@type":"PropertyValueSpecification","valueRequired":true,"valueName":"search_term_string"}}],"inLanguage":"pt-PT"},{"@type":"Organization","@id":"https:\/\/obistro.pt\/pt-pt\/#organization","name":"O Bistro","url":"https:\/\/obistro.pt\/pt-pt\/","logo":{"@type":"ImageObject","inLanguage":"pt-PT","@id":"https:\/\/obistro.pt\/pt-pt\/#\/schema\/logo\/image\/","url":"https:\/\/obistro.pt\/app\/uploads\/2024\/09\/logo-O-Bistro.svg","contentUrl":"https:\/\/obistro.pt\/app\/uploads\/2024\/09\/logo-O-Bistro.svg","width":"1024","height":"1024","caption":"O Bistro"},"image":{"@id":"https:\/\/obistro.pt\/pt-pt\/#\/schema\/logo\/image\/"},"sameAs":["https:\/\/www.instagram.com\/obistro_lisboa\/"]}]}},"_links":{"self":[{"href":"https:\/\/obistro.pt\/pt-pt\/wp-json\/wp\/v2\/pages\/143","targetHints":{"allow":["GET"]}}],"collection":[{"href":"https:\/\/obistro.pt\/pt-pt\/wp-json\/wp\/v2\/pages"}],"about":[{"href":"https:\/\/obistro.pt\/pt-pt\/wp-json\/wp\/v2\/types\/page"}],"author":[{"embeddable":true,"href":"https:\/\/obistro.pt\/pt-pt\/wp-json\/wp\/v2\/users\/1"}],"replies":[{"embeddable":true,"href":"https:\/\/obistro.pt\/pt-pt\/wp-json\/wp\/v2\/comments?post=143"}],"version-history":[{"count":0,"href":"https:\/\/obistro.pt\/pt-pt\/wp-json\/wp\/v2\/pages\/143\/revisions"}],"wp:attachment":[{"href":"https:\/\/obistro.pt\/pt-pt\/wp-json\/wp\/v2\/media?parent=143"}],"curies":[{"name":"wp","href":"https:\/\/api.w.org\/{rel}","templated":true}]}}