{"id":117,"date":"2024-03-06T18:08:47","date_gmt":"2024-03-06T18:08:47","guid":{"rendered":"https:\/\/obistro.pt\/casa\/"},"modified":"2025-06-10T09:05:49","modified_gmt":"2025-06-10T09:05:49","slug":"casa","status":"publish","type":"page","link":"https:\/\/obistro.pt\/pt-pt\/","title":{"rendered":"Casa"},"content":{"rendered":"<section id=\"hero\" class=\"hero\">\n\n    \n    <iframe src=\"https:\/\/player.vimeo.com\/video\/1016116463?background=1\" frameborder=\"0\" allowfullscreen\n        class=\"w-[100vw] h-[56.25vw] min-h-[100vh] min-w-[177.77vh] absolute tpo-[50%] left-[50%] transform translate-x-[-50%]\"><\/iframe>\n\n    <h1 class=\"max-w-[835px] px-2 text-beige2 text-center xl:text-6xl xl:max-w-[1200px] xl:leading-normal z-10 \">\n        Chegaste bem a O Bistro, bebe um copo de vinho e relaxa!<\/h1>\n\n<\/section>\n\n\n<section id=\"restaurant\"\n    class=\"flex flex-col justify-center items-center py-10 mx-auto max-w-[1200px] align wp-block-restaurant\"\n    style=\"\">\n\n    <h1 class=\"text-center uppercase max-w-[900px]\">O Bistro, uma tasca lisboeta &quot;\u00e0 parisiense&quot;<\/h1>\n\n    <div\n        class=\"flex flex-row flex-wrap child:md:p-10 child:flex child:flex-col child:justify-center child:items-center md:child:w-1\/2\">\n\n        <div>\n            <img decoding=\"async\" class=\"my-10 border-white border-[15px]\" src=\"https:\/\/obistro.pt\/app\/themes\/obistro\/public\/images\/CARICATURES-section-1.2bd571.jpg\"\n                alt=\"\">\n        <\/div>\n\n        <div>\n            <div class=\"lettrine max-w-[540px] mx-auto p-4\">\n                <p>Bem-vindo ao \u014c Bistro, um aut\u00eantico bistro parisiense aninhado na encantadora Pra\u00e7a das Flores. As gera\u00e7\u00f5es e as conversas misturam-se ali. As pessoas v\u00eam aqui para refazer o mundo, brincar com os seus garfos cotovelo a cotovelo nos bancos de veludo e, por vezes, mesmo quando o dia est\u00e1 a desaparecer, para empurrar as mesas e festejar. \u014c Bistro presta homenagem \u00e0 tasca francesa. O seu esp\u00edrito de cantina familiar e amig\u00e1vel revive a arte de receber da brasserie parisiense. Os prazeres da mesa misturam-se com uma atmosfera alegre e um ambiente de bairro. Aqui, o banquete encontra todo o seu significado!  <\/p>\n\n\n                                    <ul class=\"flex justify-center w-full gap-5 my-10 text-left md:justify-start\">\n                                                    <li>\n                                <a href=\"https:\/\/obistro.pt\/pt-pt\/reserva-uma-mesa\/\"\n    class=\"btn btn-green\"\n    target=&quot;&quot;>Reserve Uma Mesa<\/a>\n                            <\/li>\n                                                    <li>\n                                <a href=\"https:\/\/obistro.pt\/pt-pt\/contacto\/\"\n    class=\"btn \"\n    target=&quot;&quot;>Contacte-nos<\/a>\n                            <\/li>\n                                            <\/ul>\n                \n            <\/div>\n        <\/div>\n    <\/div>\n\n    <div class=\"flex items-center justify-center py-20\"><img decoding=\"async\" class=\"\" src=\"https:\/\/obistro.pt\/app\/themes\/obistro\/public\/images\/separateur.9f268d.svg\" alt=\"Imagem do separador\"><\/div>\n\n<\/section>\n\n\n<section id=\"menu\" class=\"flex justify-center\">\n\n    <h2>O RESTAURANTE<\/h2>\n\n<\/section>\n\n\n<div class=\"embla\">\n    <div class=\"embla__container\">\n\n                                    <img decoding=\"async\" width=\"1920\" height=\"2560\" src=\"https:\/\/obistro.pt\/app\/uploads\/2025\/06\/slider-1-scaled.jpg\" class=\"m-1 h-[540px] w-auto border-none embla__slide\" alt=\"\" srcset=\"https:\/\/obistro.pt\/app\/uploads\/2025\/06\/slider-1-scaled.jpg 1920w, https:\/\/obistro.pt\/app\/uploads\/2025\/06\/slider-1-225x300.jpg 225w, https:\/\/obistro.pt\/app\/uploads\/2025\/06\/slider-1-768x1024.jpg 768w, https:\/\/obistro.pt\/app\/uploads\/2025\/06\/slider-1-1152x1536.jpg 1152w, https:\/\/obistro.pt\/app\/uploads\/2025\/06\/slider-1-1536x2048.jpg 1536w\" sizes=\"(max-width: 1920px) 100vw, 1920px\" \/>                                                <img decoding=\"async\" width=\"1361\" height=\"1814\" src=\"https:\/\/obistro.pt\/app\/uploads\/2025\/03\/s2.jpg\" class=\"m-1 h-[540px] w-auto border-none embla__slide\" alt=\"\" srcset=\"https:\/\/obistro.pt\/app\/uploads\/2025\/03\/s2.jpg 1361w, https:\/\/obistro.pt\/app\/uploads\/2025\/03\/s2-225x300.jpg 225w, https:\/\/obistro.pt\/app\/uploads\/2025\/03\/s2-768x1024.jpg 768w, https:\/\/obistro.pt\/app\/uploads\/2025\/03\/s2-1152x1536.jpg 1152w\" sizes=\"(max-width: 1361px) 100vw, 1361px\" \/>                                                <img decoding=\"async\" width=\"1361\" height=\"1814\" src=\"https:\/\/obistro.pt\/app\/uploads\/2025\/03\/s3.jpg\" class=\"m-1 h-[540px] w-auto border-none embla__slide\" alt=\"\" srcset=\"https:\/\/obistro.pt\/app\/uploads\/2025\/03\/s3.jpg 1361w, https:\/\/obistro.pt\/app\/uploads\/2025\/03\/s3-225x300.jpg 225w, https:\/\/obistro.pt\/app\/uploads\/2025\/03\/s3-768x1024.jpg 768w, https:\/\/obistro.pt\/app\/uploads\/2025\/03\/s3-1152x1536.jpg 1152w\" sizes=\"(max-width: 1361px) 100vw, 1361px\" \/>                                                <img decoding=\"async\" width=\"1361\" height=\"1814\" src=\"https:\/\/obistro.pt\/app\/uploads\/2025\/03\/s4.jpg\" class=\"m-1 h-[540px] w-auto border-none embla__slide\" alt=\"\" srcset=\"https:\/\/obistro.pt\/app\/uploads\/2025\/03\/s4.jpg 1361w, https:\/\/obistro.pt\/app\/uploads\/2025\/03\/s4-225x300.jpg 225w, https:\/\/obistro.pt\/app\/uploads\/2025\/03\/s4-768x1024.jpg 768w, https:\/\/obistro.pt\/app\/uploads\/2025\/03\/s4-1152x1536.jpg 1152w\" sizes=\"(max-width: 1361px) 100vw, 1361px\" \/>                                                <img decoding=\"async\" width=\"1361\" height=\"1814\" src=\"https:\/\/obistro.pt\/app\/uploads\/2025\/03\/s5.jpg\" class=\"m-1 h-[540px] w-auto border-none embla__slide\" alt=\"\" srcset=\"https:\/\/obistro.pt\/app\/uploads\/2025\/03\/s5.jpg 1361w, https:\/\/obistro.pt\/app\/uploads\/2025\/03\/s5-225x300.jpg 225w, https:\/\/obistro.pt\/app\/uploads\/2025\/03\/s5-768x1024.jpg 768w, https:\/\/obistro.pt\/app\/uploads\/2025\/03\/s5-1152x1536.jpg 1152w\" sizes=\"(max-width: 1361px) 100vw, 1361px\" \/>                    \n    <\/div>\n\n    <div class=\"embla__dots\"><\/div>\n<\/div>\n\n<section class=\"mx-auto flex max-w-[620px] flex-col items-center py-10\">\n\n    <div class=\"lettrine\">\n\n        <p>\u014c Bistro celebra uma cozinha caseira de qualidade, simples e generosa, que reinventa os cl\u00e1ssicos intemporais da brasserie parisiense. Cada prato \u00e9 preparado com todo o cuidado, valorizando os ingredientes da \u00e9poca, criteriosamente selecionados junto de agricultores, peixeiros, talhantes, queijeiros e artes\u00e3os de Fran\u00e7a e Portugal. Estas receitas ic\u00f3nicas recuperam a tradi\u00e7\u00e3o com um toque de ousadia.<br \/>Para os amantes de sabores aut\u00eanticos, o menu oferece cl\u00e1ssicos da cozinha francesa como Ovos Mimosa, Alho-Franc\u00eas com Vinagrete, Sopa de Cebola, Carac\u00f3is ao Alho, Entrec\u00f4te com Molho B\u00e9arnaise, T\u00e1rtaro de Novilho Cortado \u00e0 Faca, T\u00e1rtaro de Peixe, Salada do Chef e Mousse de Chocolate. Os curiosos e os verdadeiros gourmets ir\u00e3o deliciar-se com os sabores r\u00fasticos e reconfortantes.<br \/>E para os apreciadores de bons vinhos\u2026 uma carta cuidadosamente selecionada, com uma vasta gama de vinhos franceses e portugueses, escolhidos ao longo das rotas mais encantadoras de ambos os pa\u00edses.<br \/>\u014c Bistro \u00e9 o prazer aut\u00eantico e descomplicado das coisas boas. O charme da gastronomia francesa no seu estado mais natural!  <\/p>\n\n\n    <\/div>\n\n    <ul class=\"flex items-center justify-center w-full gap-5 my-10 md:justify-start\">\n                    <li>\n                <a href=\"https:\/\/obistro.pt\/app\/uploads\/2025\/03\/OBistro-Menu-PT.pdf\"\n    class=\"btn btn-green\"\n    target=&quot;_blank&quot;>Consulte o menu<\/a>\n            <\/li>\n                    <li>\n                <a href=\"https:\/\/obistro.pt\/pt-pt\/reserva-uma-mesa\/\"\n    class=\"btn \"\n    target=&quot;&quot;>Reserve Uma Mesa<\/a>\n            <\/li>\n            <\/ul>\n\n    <div class=\"flex items-center justify-center py-20\"><img decoding=\"async\" class=\"\" src=\"https:\/\/obistro.pt\/app\/themes\/obistro\/public\/images\/separateur.9f268d.svg\" alt=\"Imagem do separador\"><\/div>\n\n<\/section>\n\n\n<section class=\"align wp-block-bar mx-auto flex max-w-[1200px] flex-col items-center\" style=\"\">\n\n    <div class=\"flex flex-wrap child:w-full child:md:w-1\/2 child:md:p-12\">\n\n        <div id=\"bar\" class=\"pt-40\">\n            <img decoding=\"async\" class=\"w-full\" src=\"https:\/\/obistro.pt\/app\/themes\/obistro\/public\/images\/affiche-trinquons.d67012.svg\" alt=\"Image Cheers\">\n\n            <h2 class=\"my-10\">O BAR, L&#039;ENTREE DES ARTISTES<\/h2>\n\n            <p>Da cal\u00e7ada portuguesa ao balc\u00e3o de zinco parisiense vai apenas um passo. Por uma porta discreta, entra-se no nosso bar, um espa\u00e7o que \u00e9 ao mesmo tempo boudoir e caf\u00e9 de bairro. Aqui, vem-se para saborear um copo ao balc\u00e3o, deliciar-se com um dos nossos cocktails de assinatura, partilhar confid\u00eancias do dia com o barman e descobrir os segredos da nossa alcova. E rir em boa companhia at\u00e9 tarde pela noite dentro.<br \/>Da janela, um po\u00e7o de luz abre-se para outro mundo. Pe\u00e7a um copo de vinho tinto, acompanhe-o com uma t\u00e1bua apetitosa e sente-se \u00e0 sombra das \u00e1rvores centen\u00e1rias da Pra\u00e7a das Flores. Aproveite com leveza o final luminoso de um dia e viva um peda\u00e7o da vida lisboeta. Porque, em torno da fonte, encontra-se o bairro e os apaixonados por este lugar de charme \u00fanico.   <\/p>\n\n        <\/div>\n\n        <div id=\"events\">\n            <img decoding=\"async\" class=\"w-full\" src=\"https:\/\/obistro.pt\/app\/themes\/obistro\/public\/images\/affiche-evenement.c2f2dc.jpg\" alt=\"Image Events\">\n\n            <h2 class=\"my-10\">EVENTOS e CELEBRA\u00c7\u00d5ES<\/h2>\n\n            <p>O \u014c Bistro \u00e9 privatizado.<br \/>Para um anivers\u00e1rio, uma reuni\u00e3o ou um evento empresarial\u2026 Reserva parte ou a totalidade do espa\u00e7o.<br \/>E para aquele je-ne-sais-quoi que faz a diferen\u00e7a, podemos imaginar um menu \u00e0 medida dos teus convidados.<br \/>A partir de 30 pessoas.  <\/p>\n\n        <\/div>\n\n    <\/div>\n\n\n    <ul class=\"flex justify-center w-full gap-5 my-20\">\n                    <li><a href=\"https:\/\/obistro.pt\/pt-pt\/contacto\/\"\n    class=\"btn \"\n    >Contacte-nos<\/a>\n<\/li>\n            <\/ul>\n\n    <div class=\"flex items-center justify-center py-20\"><img decoding=\"async\" class=\"\" src=\"https:\/\/obistro.pt\/app\/themes\/obistro\/public\/images\/separateur.9f268d.svg\" alt=\"Imagem do separador\"><\/div>\n\n<\/section>\n\n\n<section id=\"restaurant\"\n    class=\"flex flex-col justify-center items-center py-10 mx-auto max-w-[1200px] align wp-block-chef\"\n    style=\"\">\n\n    <h1 class=\"text-center uppercase max-w-[900px]\">Le chef<\/h1>\n\n    <div\n        class=\"flex flex-row flex-wrap child:md:p-10 child:flex child:flex-col child:justify-center child:items-center md:child:w-1\/2\">\n\n        <div>\n            <img decoding=\"async\" class=\"my-10 border-white border-[15px]\" src=\"https:\/\/obistro.pt\/app\/themes\/obistro\/public\/images\/o-bistro-chef-luis-campos.e210a9.jpg\"\n                alt=\"\">\n        <\/div>\n\n        <div>\n            <div class=\"lettrine max-w-[540px] mx-auto p-4\">\n                <p>Luis Miguel Campos \u00e9 um chef dotado de uma sensibilidade refinada e de um olhar perspicaz, que encontra na gastronomia uma forma de express\u00e3o onde a eleg\u00e2ncia, o detalhe e a emo\u00e7\u00e3o andam de m\u00e3os dadas. Para Luis, cozinhar sempre foi mais do que uma profiss\u00e3o; \u00e9 a sua linguagem, a sua mem\u00f3ria e o seu caminho. Guiado por uma busca constante pela perfei\u00e7\u00e3o, acredita que cada prato deve contar uma hist\u00f3ria e despertar emo\u00e7\u00f5es.<\/p><p>Ao longo dos \u00faltimos 16 anos, construiu uma carreira s\u00f3lida, passando por experi\u00eancias e culturas que enriqueceram a sua perspetiva e moldaram a sua identidade culin\u00e1ria.<\/p><p>Foi na cozinha francesa que encontrou uma das suas maiores fontes de inspira\u00e7\u00e3o. A sua forma\u00e7\u00e3o na prestigiada escola de culin\u00e1ria Le Cordon Bleu, em Londres, proporcionou-lhe as ra\u00edzes cl\u00e1ssicas e uma base t\u00e9cnica de excel\u00eancia, que hoje se combinam com as suas experi\u00eancias pelo mundo e a sua vis\u00e3o contempor\u00e2nea. Esta combina\u00e7\u00e3o resulta numa cozinha sofisticada, sens\u00edvel e profundamente aut\u00eantica.<\/p><p>\u00c9 no \u00d5Bistro que ele continua a escrever a sua hist\u00f3ria, celebrando a tradi\u00e7\u00e3o francesa e a criatividade que caracteriza a sua carreira.<\/p><p>O Chef Lu\u00eds convida-o a viver um momento em que o sabor, a eleg\u00e2ncia e a emo\u00e7\u00e3o se encontram \u00e0 mesa.<\/p>\n\n                                    <ul class=\"flex justify-center w-full gap-5 my-10 text-left md:justify-start\">\n                                                    <li>\n                                <a href=\"https:\/\/obistro.pt\/pt-pt\/reserva-uma-mesa\/\"\n    class=\"btn btn-green\"\n    target=&quot;&quot;>Reserve Uma Mesa<\/a>\n                            <\/li>\n                                                    <li>\n                                <a href=\"https:\/\/obistro.pt\/pt-pt\/contacto\/\"\n    class=\"btn \"\n    target=&quot;&quot;>Contacte-nos<\/a>\n                            <\/li>\n                                            <\/ul>\n                \n            <\/div>\n        <\/div>\n    <\/div>\n\n    <div class=\"flex items-center justify-center py-20\"><img decoding=\"async\" class=\"\" src=\"https:\/\/obistro.pt\/app\/themes\/obistro\/public\/images\/separateur.9f268d.svg\" alt=\"Imagem do separador\"><\/div>\n\n<\/section>\n\n\n<section id=\"gallery\" class=\"flex flex-col items-center max-w-full p-10 mx-auto !pb-52 2xl:p-20 align wp-block-gallery\" style=\"\">\n\n    <h2>Gallery<\/h2>\n\n    <div class=\"gallery columns-2 md:columns-3 lg:columns-4\">\n\n        \n                    <figure class=\"w-full mb-4 grid-item\">\n          \n                <a  href=\"https:\/\/obistro.pt\/app\/uploads\/2025\/03\/g1.jpg\" class=\"venobox\"  data-gall=\"gallery\" title=\"\">\n                    <img decoding=\"async\" src=\"https:\/\/obistro.pt\/app\/uploads\/2025\/03\/g1.jpg\" alt=\"\"\n                        class=\"w-full\" \/>\n                <\/a>\n            <\/figure>\n                                <figure class=\"w-full mb-4 grid-item\">\n          \n                <a  href=\"https:\/\/obistro.pt\/app\/uploads\/2025\/03\/g2.jpg\" class=\"venobox\"  data-gall=\"gallery\" title=\"\">\n                    <img decoding=\"async\" src=\"https:\/\/obistro.pt\/app\/uploads\/2025\/03\/g2.jpg\" alt=\"\"\n                        class=\"w-full\" \/>\n                <\/a>\n            <\/figure>\n                                <figure class=\"w-full mb-4 grid-item\">\n          \n                <a  href=\"https:\/\/obistro.pt\/app\/uploads\/2025\/03\/g3-scaled.jpg\" class=\"venobox\"  data-gall=\"gallery\" title=\"\">\n                    <img decoding=\"async\" src=\"https:\/\/obistro.pt\/app\/uploads\/2025\/03\/g3-scaled.jpg\" alt=\"\"\n                        class=\"w-full\" \/>\n                <\/a>\n            <\/figure>\n                                <figure class=\"w-full mb-4 grid-item\">\n          \n                <a  href=\"https:\/\/obistro.pt\/app\/uploads\/2025\/03\/g4.jpg\" class=\"venobox\"  data-gall=\"gallery\" title=\"\">\n                    <img decoding=\"async\" src=\"https:\/\/obistro.pt\/app\/uploads\/2025\/03\/g4.jpg\" alt=\"\"\n                        class=\"w-full\" \/>\n                <\/a>\n            <\/figure>\n                                <figure class=\"w-full mb-4 grid-item\">\n          \n                <a  href=\"https:\/\/obistro.pt\/app\/uploads\/2025\/03\/g5.jpg\" class=\"venobox\"  data-gall=\"gallery\" title=\"\">\n                    <img decoding=\"async\" src=\"https:\/\/obistro.pt\/app\/uploads\/2025\/03\/g5.jpg\" alt=\"\"\n                        class=\"w-full\" \/>\n                <\/a>\n            <\/figure>\n                                <figure class=\"w-full mb-4 grid-item\">\n          \n                <a  href=\"https:\/\/obistro.pt\/app\/uploads\/2025\/03\/g6-scaled.jpg\" class=\"venobox\"  data-gall=\"gallery\" title=\"\">\n                    <img decoding=\"async\" src=\"https:\/\/obistro.pt\/app\/uploads\/2025\/03\/g6-scaled.jpg\" alt=\"\"\n                        class=\"w-full\" \/>\n                <\/a>\n            <\/figure>\n                                <figure class=\"w-full mb-4 grid-item\">\n          \n                <a  href=\"https:\/\/obistro.pt\/app\/uploads\/2025\/03\/g7.jpg\" class=\"venobox\"  data-gall=\"gallery\" title=\"\">\n                    <img decoding=\"async\" src=\"https:\/\/obistro.pt\/app\/uploads\/2025\/03\/g7.jpg\" alt=\"\"\n                        class=\"w-full\" \/>\n                <\/a>\n            <\/figure>\n                                <figure class=\"w-full mb-4 grid-item\">\n          \n                <a  href=\"https:\/\/obistro.pt\/app\/uploads\/2025\/03\/g8.jpg\" class=\"venobox\"  data-gall=\"gallery\" title=\"\">\n                    <img decoding=\"async\" src=\"https:\/\/obistro.pt\/app\/uploads\/2025\/03\/g8.jpg\" alt=\"\"\n                        class=\"w-full\" \/>\n                <\/a>\n            <\/figure>\n                                <figure class=\"w-full mb-4 grid-item\">\n          \n                <a  href=\"https:\/\/obistro.pt\/app\/uploads\/2025\/03\/g9.jpg\" class=\"venobox\"  data-gall=\"gallery\" title=\"\">\n                    <img decoding=\"async\" src=\"https:\/\/obistro.pt\/app\/uploads\/2025\/03\/g9.jpg\" alt=\"\"\n                        class=\"w-full\" \/>\n                <\/a>\n            <\/figure>\n                                <figure class=\"w-full mb-4 grid-item\">\n          \n                <a  href=\"https:\/\/obistro.pt\/app\/uploads\/2025\/03\/g10-scaled.jpg\" class=\"venobox\"  data-gall=\"gallery\" title=\"\">\n                    <img decoding=\"async\" src=\"https:\/\/obistro.pt\/app\/uploads\/2025\/03\/g10-scaled.jpg\" alt=\"\"\n                        class=\"w-full\" \/>\n                <\/a>\n            <\/figure>\n                                <figure class=\"w-full mb-4 grid-item\">\n          \n                <a  href=\"https:\/\/obistro.pt\/app\/uploads\/2025\/03\/g11.jpg\" class=\"venobox\"  data-gall=\"gallery\" title=\"\">\n                    <img decoding=\"async\" src=\"https:\/\/obistro.pt\/app\/uploads\/2025\/03\/g11.jpg\" alt=\"\"\n                        class=\"w-full\" \/>\n                <\/a>\n            <\/figure>\n                                <figure class=\"w-full mb-4 grid-item\">\n          \n                <a  href=\"https:\/\/obistro.pt\/app\/uploads\/2025\/03\/g12.jpg\" class=\"venobox\"  data-gall=\"gallery\" title=\"\">\n                    <img decoding=\"async\" src=\"https:\/\/obistro.pt\/app\/uploads\/2025\/03\/g12.jpg\" alt=\"\"\n                        class=\"w-full\" \/>\n                <\/a>\n            <\/figure>\n                                <figure class=\"w-full mb-4 grid-item\">\n          \n                <a  href=\"https:\/\/obistro.pt\/app\/uploads\/2025\/03\/g13.jpg\" class=\"venobox\"  data-gall=\"gallery\" title=\"\">\n                    <img decoding=\"async\" src=\"https:\/\/obistro.pt\/app\/uploads\/2025\/03\/g13.jpg\" alt=\"\"\n                        class=\"w-full\" \/>\n                <\/a>\n            <\/figure>\n                                <figure class=\"w-full mb-4 grid-item\">\n          \n                <a  href=\"https:\/\/obistro.pt\/app\/uploads\/2025\/03\/g14-scaled.jpg\" class=\"venobox\"  data-gall=\"gallery\" title=\"\">\n                    <img decoding=\"async\" src=\"https:\/\/obistro.pt\/app\/uploads\/2025\/03\/g14-scaled.jpg\" alt=\"\"\n                        class=\"w-full\" \/>\n                <\/a>\n            <\/figure>\n                                <figure class=\"w-full mb-4 grid-item\">\n          \n                <a  href=\"https:\/\/obistro.pt\/app\/uploads\/2025\/03\/g15-scaled.jpg\" class=\"venobox\"  data-gall=\"gallery\" title=\"\">\n                    <img decoding=\"async\" src=\"https:\/\/obistro.pt\/app\/uploads\/2025\/03\/g15-scaled.jpg\" alt=\"\"\n                        class=\"w-full\" \/>\n                <\/a>\n            <\/figure>\n                                <figure class=\"w-full mb-4 grid-item\">\n          \n                <a  href=\"https:\/\/obistro.pt\/app\/uploads\/2025\/03\/g16.jpg\" class=\"venobox\"  data-gall=\"gallery\" title=\"\">\n                    <img decoding=\"async\" src=\"https:\/\/obistro.pt\/app\/uploads\/2025\/03\/g16.jpg\" alt=\"\"\n                        class=\"w-full\" \/>\n                <\/a>\n            <\/figure>\n                    \n    <\/div>\n\n    \n\n<\/section>\n\n<script>\n\n<\/script>\n","protected":false},"excerpt":{"rendered":"","protected":false},"author":1,"featured_media":0,"parent":0,"menu_order":0,"comment_status":"closed","ping_status":"closed","template":"front-page.blade.php","meta":{"_acf_changed":false,"inline_featured_image":false,"footnotes":""},"class_list":["post-117","page","type-page","status-publish","hentry"],"acf":[],"yoast_head":"<!-- This site is optimized with the Yoast SEO Premium plugin v27.2 (Yoast SEO v27.2) - https:\/\/yoast.com\/product\/yoast-seo-premium-wordpress\/ -->\n<title>Casa - O Bistro<\/title>\n<meta name=\"robots\" content=\"index, follow, max-snippet:-1, max-image-preview:large, max-video-preview:-1\" \/>\n<link rel=\"canonical\" href=\"https:\/\/obistro.pt\/pt-pt\/\" \/>\n<meta property=\"og:locale\" content=\"pt_PT\" \/>\n<meta property=\"og:type\" content=\"article\" \/>\n<meta property=\"og:title\" content=\"Casa\" \/>\n<meta property=\"og:url\" content=\"https:\/\/obistro.pt\/pt-pt\/\" \/>\n<meta property=\"og:site_name\" content=\"O Bistro\" \/>\n<meta property=\"article:modified_time\" content=\"2025-06-10T09:05:49+00:00\" \/>\n<meta name=\"twitter:card\" content=\"summary_large_image\" \/>\n<script type=\"application\/ld+json\" class=\"yoast-schema-graph\">{\"@context\":\"https:\/\/schema.org\",\"@graph\":[{\"@type\":\"WebPage\",\"@id\":\"https:\/\/obistro.pt\/pt-pt\/\",\"url\":\"https:\/\/obistro.pt\/pt-pt\/\",\"name\":\"Casa - O Bistro\",\"isPartOf\":{\"@id\":\"https:\/\/obistro.pt\/pt-pt\/#website\"},\"datePublished\":\"2024-03-06T18:08:47+00:00\",\"dateModified\":\"2025-06-10T09:05:49+00:00\",\"breadcrumb\":{\"@id\":\"https:\/\/obistro.pt\/pt-pt\/#breadcrumb\"},\"inLanguage\":\"pt-PT\",\"potentialAction\":[{\"@type\":\"ReadAction\",\"target\":[\"https:\/\/obistro.pt\/pt-pt\/\"]}]},{\"@type\":\"BreadcrumbList\",\"@id\":\"https:\/\/obistro.pt\/pt-pt\/#breadcrumb\",\"itemListElement\":[{\"@type\":\"ListItem\",\"position\":1,\"name\":\"Home\",\"item\":\"https:\/\/obistro.pt\/pt-pt\/\"},{\"@type\":\"ListItem\",\"position\":2,\"name\":\"Casa\"}]},{\"@type\":\"WebSite\",\"@id\":\"https:\/\/obistro.pt\/pt-pt\/#website\",\"url\":\"https:\/\/obistro.pt\/pt-pt\/\",\"name\":\"O Bistro\",\"description\":\"\",\"publisher\":{\"@id\":\"https:\/\/obistro.pt\/pt-pt\/#organization\"},\"potentialAction\":[{\"@type\":\"SearchAction\",\"target\":{\"@type\":\"EntryPoint\",\"urlTemplate\":\"https:\/\/obistro.pt\/pt-pt\/?s={search_term_string}\"},\"query-input\":{\"@type\":\"PropertyValueSpecification\",\"valueRequired\":true,\"valueName\":\"search_term_string\"}}],\"inLanguage\":\"pt-PT\"},{\"@type\":\"Organization\",\"@id\":\"https:\/\/obistro.pt\/pt-pt\/#organization\",\"name\":\"O Bistro\",\"url\":\"https:\/\/obistro.pt\/pt-pt\/\",\"logo\":{\"@type\":\"ImageObject\",\"inLanguage\":\"pt-PT\",\"@id\":\"https:\/\/obistro.pt\/pt-pt\/#\/schema\/logo\/image\/\",\"url\":\"https:\/\/obistro.pt\/app\/uploads\/2024\/09\/logo-O-Bistro.svg\",\"contentUrl\":\"https:\/\/obistro.pt\/app\/uploads\/2024\/09\/logo-O-Bistro.svg\",\"width\":\"1024\",\"height\":\"1024\",\"caption\":\"O Bistro\"},\"image\":{\"@id\":\"https:\/\/obistro.pt\/pt-pt\/#\/schema\/logo\/image\/\"},\"sameAs\":[\"https:\/\/www.instagram.com\/obistro_lisboa\/\"]}]}<\/script>\n<!-- \/ Yoast SEO Premium plugin. -->","yoast_head_json":{"title":"Casa - O Bistro","robots":{"index":"index","follow":"follow","max-snippet":"max-snippet:-1","max-image-preview":"max-image-preview:large","max-video-preview":"max-video-preview:-1"},"canonical":"https:\/\/obistro.pt\/pt-pt\/","og_locale":"pt_PT","og_type":"article","og_title":"Casa","og_url":"https:\/\/obistro.pt\/pt-pt\/","og_site_name":"O Bistro","article_modified_time":"2025-06-10T09:05:49+00:00","twitter_card":"summary_large_image","schema":{"@context":"https:\/\/schema.org","@graph":[{"@type":"WebPage","@id":"https:\/\/obistro.pt\/pt-pt\/","url":"https:\/\/obistro.pt\/pt-pt\/","name":"Casa - O Bistro","isPartOf":{"@id":"https:\/\/obistro.pt\/pt-pt\/#website"},"datePublished":"2024-03-06T18:08:47+00:00","dateModified":"2025-06-10T09:05:49+00:00","breadcrumb":{"@id":"https:\/\/obistro.pt\/pt-pt\/#breadcrumb"},"inLanguage":"pt-PT","potentialAction":[{"@type":"ReadAction","target":["https:\/\/obistro.pt\/pt-pt\/"]}]},{"@type":"BreadcrumbList","@id":"https:\/\/obistro.pt\/pt-pt\/#breadcrumb","itemListElement":[{"@type":"ListItem","position":1,"name":"Home","item":"https:\/\/obistro.pt\/pt-pt\/"},{"@type":"ListItem","position":2,"name":"Casa"}]},{"@type":"WebSite","@id":"https:\/\/obistro.pt\/pt-pt\/#website","url":"https:\/\/obistro.pt\/pt-pt\/","name":"O Bistro","description":"","publisher":{"@id":"https:\/\/obistro.pt\/pt-pt\/#organization"},"potentialAction":[{"@type":"SearchAction","target":{"@type":"EntryPoint","urlTemplate":"https:\/\/obistro.pt\/pt-pt\/?s={search_term_string}"},"query-input":{"@type":"PropertyValueSpecification","valueRequired":true,"valueName":"search_term_string"}}],"inLanguage":"pt-PT"},{"@type":"Organization","@id":"https:\/\/obistro.pt\/pt-pt\/#organization","name":"O Bistro","url":"https:\/\/obistro.pt\/pt-pt\/","logo":{"@type":"ImageObject","inLanguage":"pt-PT","@id":"https:\/\/obistro.pt\/pt-pt\/#\/schema\/logo\/image\/","url":"https:\/\/obistro.pt\/app\/uploads\/2024\/09\/logo-O-Bistro.svg","contentUrl":"https:\/\/obistro.pt\/app\/uploads\/2024\/09\/logo-O-Bistro.svg","width":"1024","height":"1024","caption":"O Bistro"},"image":{"@id":"https:\/\/obistro.pt\/pt-pt\/#\/schema\/logo\/image\/"},"sameAs":["https:\/\/www.instagram.com\/obistro_lisboa\/"]}]}},"_links":{"self":[{"href":"https:\/\/obistro.pt\/pt-pt\/wp-json\/wp\/v2\/pages\/117","targetHints":{"allow":["GET"]}}],"collection":[{"href":"https:\/\/obistro.pt\/pt-pt\/wp-json\/wp\/v2\/pages"}],"about":[{"href":"https:\/\/obistro.pt\/pt-pt\/wp-json\/wp\/v2\/types\/page"}],"author":[{"embeddable":true,"href":"https:\/\/obistro.pt\/pt-pt\/wp-json\/wp\/v2\/users\/1"}],"replies":[{"embeddable":true,"href":"https:\/\/obistro.pt\/pt-pt\/wp-json\/wp\/v2\/comments?post=117"}],"version-history":[{"count":5,"href":"https:\/\/obistro.pt\/pt-pt\/wp-json\/wp\/v2\/pages\/117\/revisions"}],"predecessor-version":[{"id":632,"href":"https:\/\/obistro.pt\/pt-pt\/wp-json\/wp\/v2\/pages\/117\/revisions\/632"}],"wp:attachment":[{"href":"https:\/\/obistro.pt\/pt-pt\/wp-json\/wp\/v2\/media?parent=117"}],"curies":[{"name":"wp","href":"https:\/\/api.w.org\/{rel}","templated":true}]}}